{"id":8,"date":"2023-01-03T11:11:33","date_gmt":"2023-01-03T10:11:33","guid":{"rendered":"https:\/\/hausaerztinnen-langenhagen.de\/px\/?page_id=8"},"modified":"2025-06-04T20:47:55","modified_gmt":"2025-06-04T18:47:55","slug":"ueber-uns","status":"publish","type":"page","link":"https:\/\/hausaerztinnen-langenhagen.de\/px\/?page_id=8","title":{"rendered":"\u00dcber uns"},"content":{"rendered":"\n<p>Liebe Patientin, lieber Patient,<\/p>\n\n\n\n<p>Herzlich willkommen auf der Praxis Webseite der Haus\u00e4rztinnen Langenhagen.<\/p>\n\n\n\n<p>Seit dem 01.04.2023 f\u00fchren wir gemeinsam die ehemalige Praxis von Fr. Dr. E. Zessin.<\/p>\n\n\n\n<p>Wir sind langj\u00e4hrig erfahrene Fach\u00e4rztinnen f\u00fcr Allgemeinmedizin &amp; An\u00e4sthesie und bieten das gesamte haus\u00e4rztliche Leistungsspektrum an.<\/p>\n\n\n\n<p>Auch Hausbesuche und Heimbesuche werden von uns regelm\u00e4\u00dfig durchgef\u00fchrt.<\/p>\n\n\n\n<p>Individuelle Gesundheitsleistungen zur optimalen medizinischen Vorsorge k\u00f6nnen Sie in unserer Praxis zus\u00e4tzlich in Anspruch nehmen.<\/p>\n\n\n\n<p><\/p>\n","protected":false},"excerpt":{"rendered":"<p>Liebe Patientin, lieber Patient, Herzlich willkommen auf der Praxis Webseite der Haus\u00e4rztinnen Langenhagen. Seit dem 01.04.2023 f\u00fchren wir gemeinsam die ehemalige Praxis von Fr. Dr. E. Zessin. Wir sind langj\u00e4hrig erfahrene Fach\u00e4rztinnen f\u00fcr Allgemeinmedizin &amp; An\u00e4sthesie und bieten das gesamte haus\u00e4rztliche Leistungsspektrum an. Auch Hausbesuche und Heimbesuche werden von uns regelm\u00e4\u00dfig durchgef\u00fchrt. Individuelle Gesundheitsleistungen zur&hellip; <a class=\"more-link\" href=\"https:\/\/hausaerztinnen-langenhagen.de\/px\/?page_id=8\"><span class=\"screen-reader-text\">\u00dcber uns<\/span> weiterlesen<\/a><\/p>\n","protected":false},"author":1,"featured_media":0,"parent":0,"menu_order":0,"comment_status":"closed","ping_status":"closed","template":"","meta":{"footnotes":""},"class_list":["post-8","page","type-page","status-publish","hentry","entry"],"_links":{"self":[{"href":"https:\/\/hausaerztinnen-langenhagen.de\/px\/index.php?rest_route=\/wp\/v2\/pages\/8","targetHints":{"allow":["GET"]}}],"collection":[{"href":"https:\/\/hausaerztinnen-langenhagen.de\/px\/index.php?rest_route=\/wp\/v2\/pages"}],"about":[{"href":"https:\/\/hausaerztinnen-langenhagen.de\/px\/index.php?rest_route=\/wp\/v2\/types\/page"}],"author":[{"embeddable":true,"href":"https:\/\/hausaerztinnen-langenhagen.de\/px\/index.php?rest_route=\/wp\/v2\/users\/1"}],"replies":[{"embeddable":true,"href":"https:\/\/hausaerztinnen-langenhagen.de\/px\/index.php?rest_route=%2Fwp%2Fv2%2Fcomments&post=8"}],"version-history":[{"count":14,"href":"https:\/\/hausaerztinnen-langenhagen.de\/px\/index.php?rest_route=\/wp\/v2\/pages\/8\/revisions"}],"predecessor-version":[{"id":431,"href":"https:\/\/hausaerztinnen-langenhagen.de\/px\/index.php?rest_route=\/wp\/v2\/pages\/8\/revisions\/431"}],"wp:attachment":[{"href":"https:\/\/hausaerztinnen-langenhagen.de\/px\/index.php?rest_route=%2Fwp%2Fv2%2Fmedia&parent=8"}],"curies":[{"name":"wp","href":"https:\/\/api.w.org\/{rel}","templated":true}]}}