{"id":7,"date":"2023-01-03T11:11:33","date_gmt":"2023-01-03T10:11:33","guid":{"rendered":"https:\/\/hausaerztinnen-langenhagen.de\/px\/?page_id=7"},"modified":"2026-04-20T10:36:04","modified_gmt":"2026-04-20T08:36:04","slug":"gestalte-deine-website-mit-bloecken","status":"publish","type":"page","link":"https:\/\/hausaerztinnen-langenhagen.de\/px\/","title":{"rendered":"Haus\u00e4rztinnen Langenhagen"},"content":{"rendered":"<div class=\"wp-block-image\">\n<figure class=\"aligncenter size-full is-resized\"><img loading=\"lazy\" decoding=\"async\" width=\"399\" height=\"567\" src=\"https:\/\/hausaerztinnen-langenhagen.de\/px\/wp-content\/uploads\/2023\/10\/barck_pohl_9831_ret_mkl-2.jpg\" alt=\"\" class=\"wp-image-289\" style=\"aspect-ratio:0.7037037037037037;width:334px;height:auto\" srcset=\"https:\/\/hausaerztinnen-langenhagen.de\/px\/wp-content\/uploads\/2023\/10\/barck_pohl_9831_ret_mkl-2.jpg 399w, https:\/\/hausaerztinnen-langenhagen.de\/px\/wp-content\/uploads\/2023\/10\/barck_pohl_9831_ret_mkl-2-211x300.jpg 211w\" sizes=\"auto, (max-width: 399px) 100vw, 399px\" \/><\/figure>\n<\/div>\n\n\n<div style=\"height:62px\" aria-hidden=\"true\" class=\"wp-block-spacer\"><\/div>\n\n\n\n<p class=\"has-text-align-center\"><strong>An folgenden Tagen ist unsere Praxis geschlossen: <br>Dienstag, 28.04.2026<\/strong><br><strong>Freitag, 15.05.2026<\/strong><br><\/p>\n\n\n\n<p class=\"has-text-align-center\"><\/p>\n\n\n\n<p class=\"has-text-align-center has-normal-font-size\"><\/p>\n\n\n\n<p class=\"has-text-align-center has-normal-font-size\"><\/p>\n\n\n\n<p class=\"has-text-align-center has-normal-font-size\"><\/p>\n\n\n\n<p class=\"has-text-align-center\"><strong>Bei Notf\u00e4llen wenden Sie sich bitte an die 116117<\/strong><\/p>\n\n\n\n<div style=\"height:37px\" aria-hidden=\"true\" class=\"wp-block-spacer\"><\/div>\n\n\n\n<p><\/p>\n\n\n\n<div style=\"height:20px\" aria-hidden=\"true\" class=\"wp-block-spacer\"><\/div>\n\n\n\n<div class=\"wp-block-columns alignwide are-vertically-aligned-top is-layout-flex wp-container-core-columns-is-layout-95e72c11 wp-block-columns-is-layout-flex\" style=\"padding-top:var(--wp--preset--spacing--40);padding-right:var(--wp--preset--spacing--40);padding-bottom:var(--wp--preset--spacing--40);padding-left:var(--wp--preset--spacing--40)\">\n<div class=\"wp-block-column is-vertically-aligned-top has-extra-small-font-size is-layout-flow wp-block-column-is-layout-flow\" style=\"padding-top:0;padding-right:0;padding-bottom:0;padding-left:0\">\n<h3 class=\"wp-block-heading\">Praxis<\/h3>\n\n\n\n<p class=\"has-black-color has-text-color has-small-font-size\"><strong>Dr. M.-Chr. Barckhausen<\/strong><br>Fach\u00e4rztin f\u00fcr Allgemeinmedizin<br><a href=\"https:\/\/hausaerztinnen-langenhagen.de\/px\/?page_id=9\" data-type=\"page\" data-id=\"9\">pers\u00f6nliche <\/a><a href=\"https:\/\/hausaerztinnen-langenhagen.de\/px\/?page_id=9#pers_sprech_barckhausen\" data-type=\"URL\" data-id=\"https:\/\/hausaerztinnen-langenhagen.de\/px\/?page_id=9#pers_sprech_barckhausen\">Sprechzeiten<\/a><br><\/p>\n\n\n\n<figure class=\"wp-block-image size-full is-resized\"><img loading=\"lazy\" decoding=\"async\" width=\"502\" height=\"567\" src=\"https:\/\/hausaerztinnen-langenhagen.de\/px\/wp-content\/uploads\/2023\/10\/barckhausen_9788_ret_mkl.jpg\" alt=\"\" class=\"wp-image-275\" style=\"width:294px;height:332px\" srcset=\"https:\/\/hausaerztinnen-langenhagen.de\/px\/wp-content\/uploads\/2023\/10\/barckhausen_9788_ret_mkl.jpg 502w, https:\/\/hausaerztinnen-langenhagen.de\/px\/wp-content\/uploads\/2023\/10\/barckhausen_9788_ret_mkl-266x300.jpg 266w\" sizes=\"auto, (max-width: 502px) 100vw, 502px\" \/><\/figure>\n\n\n\n<div class=\"wp-block-columns is-layout-flex wp-container-core-columns-is-layout-9d6595d7 wp-block-columns-is-layout-flex\">\n<div class=\"wp-block-column is-layout-flow wp-block-column-is-layout-flow\">\n<div style=\"height:10px\" aria-hidden=\"true\" class=\"wp-block-spacer\"><\/div>\n<\/div>\n<\/div>\n\n\n\n<p class=\"has-small-font-size\"><strong>S. Pohlmann<\/strong><br>Fach\u00e4rztin f\u00fcr Allgemeinmedizin und An\u00e4sthesie<br><a href=\"https:\/\/hausaerztinnen-langenhagen.de\/px\/?page_id=9#pers_sprech_pohlmann\">pers\u00f6nliche Sprechzeiten<\/a><\/p>\n\n\n\n<figure class=\"wp-block-image size-full is-resized\"><img loading=\"lazy\" decoding=\"async\" width=\"453\" height=\"567\" src=\"https:\/\/hausaerztinnen-langenhagen.de\/px\/wp-content\/uploads\/2023\/10\/pohlmann_9774_ret_mkl.jpg\" alt=\"\" class=\"wp-image-276\" style=\"width:308px;height:386px\" srcset=\"https:\/\/hausaerztinnen-langenhagen.de\/px\/wp-content\/uploads\/2023\/10\/pohlmann_9774_ret_mkl.jpg 453w, https:\/\/hausaerztinnen-langenhagen.de\/px\/wp-content\/uploads\/2023\/10\/pohlmann_9774_ret_mkl-240x300.jpg 240w\" sizes=\"auto, (max-width: 453px) 100vw, 453px\" \/><\/figure>\n\n\n\n<p><\/p>\n<\/div>\n\n\n\n<div class=\"wp-block-column is-vertically-aligned-top has-extra-small-font-size is-layout-flow wp-block-column-is-layout-flow\" style=\"padding-top:0;padding-right:0;padding-bottom:0;padding-left:0\">\n<h3 class=\"wp-block-heading\">\u00d6ffnungszeiten<\/h3>\n\n\n\n<figure class=\"wp-block-table is-style-stripes\"><table><tbody><tr><td>Mo &#8211; Fr:<\/td><td>08:00-12:00 Uhr<\/td><\/tr><tr><td>Mo:<\/td><td>16:00-18:00 Uhr<\/td><\/tr><tr><td>Do:<\/td><td>16:00-19:00 Uhr<\/td><\/tr><\/tbody><\/table><\/figure>\n\n\n\n<div class=\"wp-block-group\"><div class=\"wp-block-group__inner-container is-layout-constrained wp-block-group-is-layout-constrained\">\n<div class=\"wp-block-group\"><div class=\"wp-block-group__inner-container is-layout-constrained wp-block-group-is-layout-constrained\">\n<div style=\"height:64px\" aria-hidden=\"true\" class=\"wp-block-spacer\"><\/div>\n<\/div><\/div>\n<\/div><\/div>\n\n\n\n<h3 class=\"wp-block-heading\">Adresse<\/h3>\n\n\n\n<p>Walsroder Stra\u00dfe 149<br>30853 Langenhagen<\/p>\n\n\n\n<p>Karte: <a href=\"https:\/\/www.openstreetmap.org\/#map=19\/52.44980\/9.74260\" data-type=\"URL\" target=\"_blank\" rel=\"noreferrer noopener\">OSM im neuen Fenster<\/a><br><a href=\"https:\/\/www.google.com\/maps\/place\/Haus%C3%A4rztinnen+Langenhagen+Dr.med.+Barckhausen\/@52.4498491,9.7425121,17z\/data=!3m1!5s0x47b072eb67592805:0xf5da0edc059ea683!4m5!3m4!1s0x47b0735c802bea9d:0x1a6953c343d8d488!8m2!3d52.4498491!4d9.7425121\" target=\"_blank\" rel=\"noreferrer noopener\">GoogleMaps<\/a> im neuen Fenster<\/p>\n\n\n\n<div class=\"wp-block-columns is-not-stacked-on-mobile is-layout-flex wp-container-core-columns-is-layout-30ac8118 wp-block-columns-is-layout-flex\" style=\"padding-right:var(--wp--preset--spacing--50);padding-left:var(--wp--preset--spacing--50)\">\n<div class=\"wp-block-column is-layout-flow wp-block-column-is-layout-flow\" style=\"flex-basis:33.33%\">\n<figure class=\"wp-block-image size-full is-resized\"><img loading=\"lazy\" decoding=\"async\" width=\"1024\" height=\"1024\" src=\"https:\/\/hausaerztinnen-langenhagen.de\/px\/wp-content\/uploads\/2024\/02\/Zeichen_224.svg_-3.png\" alt=\"\" class=\"wp-image-361\" style=\"width:75px;height:auto\" srcset=\"https:\/\/hausaerztinnen-langenhagen.de\/px\/wp-content\/uploads\/2024\/02\/Zeichen_224.svg_-3.png 1024w, https:\/\/hausaerztinnen-langenhagen.de\/px\/wp-content\/uploads\/2024\/02\/Zeichen_224.svg_-3-300x300.png 300w, https:\/\/hausaerztinnen-langenhagen.de\/px\/wp-content\/uploads\/2024\/02\/Zeichen_224.svg_-3-150x150.png 150w, https:\/\/hausaerztinnen-langenhagen.de\/px\/wp-content\/uploads\/2024\/02\/Zeichen_224.svg_-3-768x768.png 768w\" sizes=\"auto, (max-width: 1024px) 100vw, 1024px\" \/><\/figure>\n<\/div>\n\n\n\n<div class=\"wp-block-column is-layout-flow wp-block-column-is-layout-flow\" style=\"flex-basis:66.66%\">\n<p style=\"font-size:15px\"><strong>Bushaltestelle Langenhagen Bahnhofstra\u00dfe: <\/strong>                      <strong>122, 470, 610, 611, 692<\/strong><\/p>\n<\/div>\n<\/div>\n\n\n\n<div class=\"wp-block-columns is-layout-flex wp-container-core-columns-is-layout-9d6595d7 wp-block-columns-is-layout-flex\">\n<div class=\"wp-block-column is-layout-flow wp-block-column-is-layout-flow\">\n<div style=\"height:22px\" aria-hidden=\"true\" class=\"wp-block-spacer\"><\/div>\n\n\n\n<div class=\"wp-block-columns is-layout-flex wp-container-core-columns-is-layout-9d6595d7 wp-block-columns-is-layout-flex\">\n<div class=\"wp-block-column is-layout-flow wp-block-column-is-layout-flow\">\n<div class=\"wp-block-columns is-not-stacked-on-mobile is-layout-flex wp-container-core-columns-is-layout-9d6595d7 wp-block-columns-is-layout-flex\">\n<div class=\"wp-block-column is-layout-flow wp-block-column-is-layout-flow\" style=\"flex-basis:50%\">\n<div class=\"wp-block-columns are-vertically-aligned-top is-layout-flex wp-container-core-columns-is-layout-9d6595d7 wp-block-columns-is-layout-flex\">\n<div class=\"wp-block-column is-vertically-aligned-top is-layout-flow wp-block-column-is-layout-flow\" style=\"flex-basis:100%\">\n<div class=\"wp-block-columns is-layout-flex wp-container-core-columns-is-layout-9d6595d7 wp-block-columns-is-layout-flex\">\n<div class=\"wp-block-column is-layout-flow wp-block-column-is-layout-flow\" style=\"flex-basis:100%\">\n<p class=\"has-small-font-size\"><strong><em>Telefon:<br>Fax:<br>Rezepttelefon:<\/em><\/strong><\/p>\n<\/div>\n<\/div>\n<\/div>\n<\/div>\n<\/div>\n\n\n\n<div class=\"wp-block-column is-layout-flow wp-block-column-is-layout-flow\" style=\"flex-basis:50%\">\n<div class=\"wp-block-columns alignwide are-vertically-aligned-top is-layout-flex wp-container-core-columns-is-layout-9d6595d7 wp-block-columns-is-layout-flex\">\n<div class=\"wp-block-column is-vertically-aligned-top is-layout-flow wp-block-column-is-layout-flow\" style=\"flex-basis:100%\">\n<p class=\"has-small-font-size\"><strong><em>0511 732001<br>0511 97388800<br>0511 732002<\/em><\/strong><\/p>\n<\/div>\n<\/div>\n<\/div>\n<\/div>\n<\/div>\n<\/div>\n\n\n\n<p class=\"has-normal-font-size\"><a href=\"mailto:mail@hausaerztinnen-langenhagen.de\" data-type=\"mailto\"><strong><em>mail@hausaerztinnen-langenhagen.de<\/em><\/strong><\/a><\/p>\n<\/div>\n<\/div>\n<\/div>\n\n\n\n<div class=\"wp-block-column is-vertically-aligned-top has-extra-small-font-size is-layout-flow wp-block-column-is-layout-flow\" style=\"padding-top:0;padding-right:0;padding-bottom:0;padding-left:0\">\n<h3 class=\"wp-block-heading\">T\u00e4gliche Akutsprechstunde<\/h3>\n\n\n\n<p><strong>12:00-15:00 Uhr<\/strong><\/p>\n\n\n\n<p>F\u00fcr die Akutsprechstunde bitten wir Sie sich bis 9:30 Uhr telefonisch bei uns zu melden, um Sie entsprechend ber\u00fccksichtigen zu k\u00f6nnen.<\/p>\n\n\n\n<p>Bei Notf\u00e4llen au\u00dferhalb unserer \u00d6ffnungszeiten: <strong>116117<\/strong><\/p>\n\n\n\n<div class=\"wp-block-columns is-not-stacked-on-mobile is-layout-flex wp-container-core-columns-is-layout-8624f238 wp-block-columns-is-layout-flex\" style=\"padding-top:0;padding-right:var(--wp--preset--spacing--70);padding-bottom:0;padding-left:var(--wp--preset--spacing--70)\">\n<div class=\"wp-block-column is-layout-flow wp-block-column-is-layout-flow\" style=\"flex-basis:33.33%\">\n<figure class=\"wp-block-image size-full is-resized\"><img loading=\"lazy\" decoding=\"async\" width=\"1200\" height=\"1686\" src=\"https:\/\/hausaerztinnen-langenhagen.de\/px\/wp-content\/uploads\/2024\/02\/1200px-Rollstuhl_aus_Zusatzzeichen_1044-10.svg_.png\" alt=\"\" class=\"wp-image-362\" style=\"width:42px;height:auto\" srcset=\"https:\/\/hausaerztinnen-langenhagen.de\/px\/wp-content\/uploads\/2024\/02\/1200px-Rollstuhl_aus_Zusatzzeichen_1044-10.svg_.png 1200w, https:\/\/hausaerztinnen-langenhagen.de\/px\/wp-content\/uploads\/2024\/02\/1200px-Rollstuhl_aus_Zusatzzeichen_1044-10.svg_-214x300.png 214w, https:\/\/hausaerztinnen-langenhagen.de\/px\/wp-content\/uploads\/2024\/02\/1200px-Rollstuhl_aus_Zusatzzeichen_1044-10.svg_-729x1024.png 729w, https:\/\/hausaerztinnen-langenhagen.de\/px\/wp-content\/uploads\/2024\/02\/1200px-Rollstuhl_aus_Zusatzzeichen_1044-10.svg_-768x1079.png 768w, https:\/\/hausaerztinnen-langenhagen.de\/px\/wp-content\/uploads\/2024\/02\/1200px-Rollstuhl_aus_Zusatzzeichen_1044-10.svg_-1093x1536.png 1093w\" sizes=\"auto, (max-width: 1200px) 100vw, 1200px\" \/><\/figure>\n<\/div>\n\n\n\n<div class=\"wp-block-column is-layout-flow wp-block-column-is-layout-flow\" style=\"flex-basis:66.66%\">\n<p style=\"font-size:17px\"><strong>Unsere Praxis ist barrierefrei.<\/strong><\/p>\n\n\n\n<div style=\"height:100px\" aria-hidden=\"true\" class=\"wp-block-spacer\"><\/div>\n<\/div>\n<\/div>\n\n\n\n<p class=\"has-large-font-size\"><strong>Elektronische Patientenakte<\/strong><\/p>\n\n\n\n<p class=\"has-small-font-size\">Weitere Informationen zu der elektronischen Patientenakte finden Sie in dem folgendem Erkl\u00e4rvideo. Klicken Sie daf\u00fcr einfach auf diesen Link:<\/p>\n\n\n\n<p>Link zum Erkl\u00e4rvideo: <a href=\"https:\/\/vimeo.com\/1041694471\/b1e4e48df9?share=copy\">https:\/\/vimeo.com\/1041694471\/b1e4e48df9?share=copy<\/a><\/p>\n<\/div>\n<\/div>\n\n\n\n<h4 class=\"wp-block-heading has-text-align-center\" style=\"font-size:26px\"><\/h4>\n\n\n\n<div class=\"wp-block-media-text is-stacked-on-mobile\" style=\"grid-template-columns:35% auto\"><figure class=\"wp-block-media-text__media\"><img loading=\"lazy\" decoding=\"async\" width=\"576\" height=\"145\" src=\"https:\/\/hausaerztinnen-langenhagen.de\/px\/wp-content\/uploads\/2023\/11\/112.png\" alt=\"\" class=\"wp-image-324 size-full\" srcset=\"https:\/\/hausaerztinnen-langenhagen.de\/px\/wp-content\/uploads\/2023\/11\/112.png 576w, https:\/\/hausaerztinnen-langenhagen.de\/px\/wp-content\/uploads\/2023\/11\/112-300x76.png 300w\" sizes=\"auto, (max-width: 576px) 100vw, 576px\" \/><\/figure><div class=\"wp-block-media-text__content\">\n<p class=\"has-small-font-size\">Wir sind akademische Lehrpraxis der MHH. Das bedeutet, dass in regelm\u00e4\u00dfigen Abst\u00e4nden Studierende in unserer Praxis sind und unseren Alltag&nbsp;begleiten.<\/p>\n<\/div><\/div>\n\n\n\n<p class=\"has-small-font-size\">Sie k\u00f6nnen unsere Datenschutzerkl\u00e4rung schon vor ihrem Besuch bei uns ausdrucken und unterschreiben.<br>(den Text k\u00f6nnen sie auch <strong><a href=\"https:\/\/hausaerztinnen-langenhagen.de\/px\/?page_id=103\" data-type=\"page\" data-id=\"103\">hier<\/a><\/strong> lesen)<\/p>\n\n\n\n<h4 class=\"wp-block-heading has-small-font-size\"><a href=\"https:\/\/hausaerztinnen-langenhagen.de\/px\/wp-content\/uploads\/2023\/01\/DSGV.pdf\">DSGV.pdf<\/a><a href=\"https:\/\/hausaerztinnen-langenhagen.de\/px\/wp-content\/uploads\/2023\/01\/DSGV.pdf\"><\/a><\/h4>\n\n\n\n<div style=\"height:100px\" aria-hidden=\"true\" class=\"wp-block-spacer\"><\/div>\n\n\n\n<p>Angeh\u00f6rige der \u00c4rztekammer Niedersachsen. Die Berufsordnung ist abrufbar unter <a href=\"http:\/\/www.aekn.de\">www.aekn.de<\/a>.<\/p>\n\n\n\n<p>Berufsbezeichnung: Arzt verliehen in der Bundesrepublik Deutschland.<\/p>\n\n\n\n<p>Wir sind Mitglieder der Kassen\u00e4rztlichen Vereinigung Niedersachsen. (<a href=\"http:\/\/www.kvn.de\">www.kvn.de<\/a>)<\/p>\n","protected":false},"excerpt":{"rendered":"<p>An folgenden Tagen ist unsere Praxis geschlossen: Dienstag, 28.04.2026Freitag, 15.05.2026 Bei Notf\u00e4llen wenden Sie sich bitte an die 116117 Praxis Dr. M.-Chr. BarckhausenFach\u00e4rztin f\u00fcr Allgemeinmedizinpers\u00f6nliche Sprechzeiten S. PohlmannFach\u00e4rztin f\u00fcr Allgemeinmedizin und An\u00e4sthesiepers\u00f6nliche Sprechzeiten \u00d6ffnungszeiten Mo &#8211; Fr: 08:00-12:00 Uhr Mo: 16:00-18:00 Uhr Do: 16:00-19:00 Uhr Adresse Walsroder Stra\u00dfe 14930853 Langenhagen Karte: OSM im neuen FensterGoogleMaps&hellip; <a class=\"more-link\" href=\"https:\/\/hausaerztinnen-langenhagen.de\/px\/\"><span class=\"screen-reader-text\">Haus\u00e4rztinnen Langenhagen<\/span> weiterlesen<\/a><\/p>\n","protected":false},"author":1,"featured_media":0,"parent":0,"menu_order":0,"comment_status":"closed","ping_status":"closed","template":"","meta":{"footnotes":""},"class_list":["post-7","page","type-page","status-publish","hentry","entry"],"_links":{"self":[{"href":"https:\/\/hausaerztinnen-langenhagen.de\/px\/index.php?rest_route=\/wp\/v2\/pages\/7","targetHints":{"allow":["GET"]}}],"collection":[{"href":"https:\/\/hausaerztinnen-langenhagen.de\/px\/index.php?rest_route=\/wp\/v2\/pages"}],"about":[{"href":"https:\/\/hausaerztinnen-langenhagen.de\/px\/index.php?rest_route=\/wp\/v2\/types\/page"}],"author":[{"embeddable":true,"href":"https:\/\/hausaerztinnen-langenhagen.de\/px\/index.php?rest_route=\/wp\/v2\/users\/1"}],"replies":[{"embeddable":true,"href":"https:\/\/hausaerztinnen-langenhagen.de\/px\/index.php?rest_route=%2Fwp%2Fv2%2Fcomments&post=7"}],"version-history":[{"count":169,"href":"https:\/\/hausaerztinnen-langenhagen.de\/px\/index.php?rest_route=\/wp\/v2\/pages\/7\/revisions"}],"predecessor-version":[{"id":493,"href":"https:\/\/hausaerztinnen-langenhagen.de\/px\/index.php?rest_route=\/wp\/v2\/pages\/7\/revisions\/493"}],"wp:attachment":[{"href":"https:\/\/hausaerztinnen-langenhagen.de\/px\/index.php?rest_route=%2Fwp%2Fv2%2Fmedia&parent=7"}],"curies":[{"name":"wp","href":"https:\/\/api.w.org\/{rel}","templated":true}]}}