{"id":394,"date":"2024-12-10T20:46:53","date_gmt":"2024-12-10T19:46:53","guid":{"rendered":"https:\/\/hausaerztinnen-langenhagen.de\/px\/?page_id=394"},"modified":"2025-10-15T18:37:06","modified_gmt":"2025-10-15T16:37:06","slug":"stellenanzeigen","status":"publish","type":"page","link":"https:\/\/hausaerztinnen-langenhagen.de\/px\/?page_id=394","title":{"rendered":"Stellenanzeigen"},"content":{"rendered":"\n<p class=\"has-text-align-center\"><strong>Medizinische Fachangestellte gesucht<\/strong><\/p>\n\n\n\n<p class=\"has-text-align-center\">Wir suchen ab sofort eine erfahrene MFA, die uns f\u00fcr 20h die Woche unterst\u00fctzen m\u00f6chte!<\/p>\n\n\n\n<p class=\"has-text-align-center\"><strong>Bewerben Sie sich gerne und wir machen ein Probearbeiten aus!<\/strong><\/p>\n\n\n\n<p class=\"has-text-align-center\">Es erwarten Sie eine unbefristete Anstellung und ein sehr freundliches kollegiales Team!<br>Herzlich willlkommen!<\/p>\n\n\n\n<p class=\"has-text-align-center\">Bewerbungen bitte schriftlich an <strong><a href=\"mailto:mail@hausaerztinnen-langenhagen.de\">mail@hausaerztinnen-langenhagen.de<\/a><\/strong><\/p>\n\n\n\n<p><\/p>\n","protected":false},"excerpt":{"rendered":"<p>Medizinische Fachangestellte gesucht Wir suchen ab sofort eine erfahrene MFA, die uns f\u00fcr 20h die Woche unterst\u00fctzen m\u00f6chte! Bewerben Sie sich gerne und wir machen ein Probearbeiten aus! Es erwarten Sie eine unbefristete Anstellung und ein sehr freundliches kollegiales Team!Herzlich willlkommen! Bewerbungen bitte schriftlich an mail@hausaerztinnen-langenhagen.de<\/p>\n","protected":false},"author":1,"featured_media":0,"parent":0,"menu_order":0,"comment_status":"closed","ping_status":"closed","template":"","meta":{"footnotes":""},"class_list":["post-394","page","type-page","status-publish","hentry","entry"],"_links":{"self":[{"href":"https:\/\/hausaerztinnen-langenhagen.de\/px\/index.php?rest_route=\/wp\/v2\/pages\/394","targetHints":{"allow":["GET"]}}],"collection":[{"href":"https:\/\/hausaerztinnen-langenhagen.de\/px\/index.php?rest_route=\/wp\/v2\/pages"}],"about":[{"href":"https:\/\/hausaerztinnen-langenhagen.de\/px\/index.php?rest_route=\/wp\/v2\/types\/page"}],"author":[{"embeddable":true,"href":"https:\/\/hausaerztinnen-langenhagen.de\/px\/index.php?rest_route=\/wp\/v2\/users\/1"}],"replies":[{"embeddable":true,"href":"https:\/\/hausaerztinnen-langenhagen.de\/px\/index.php?rest_route=%2Fwp%2Fv2%2Fcomments&post=394"}],"version-history":[{"count":9,"href":"https:\/\/hausaerztinnen-langenhagen.de\/px\/index.php?rest_route=\/wp\/v2\/pages\/394\/revisions"}],"predecessor-version":[{"id":476,"href":"https:\/\/hausaerztinnen-langenhagen.de\/px\/index.php?rest_route=\/wp\/v2\/pages\/394\/revisions\/476"}],"wp:attachment":[{"href":"https:\/\/hausaerztinnen-langenhagen.de\/px\/index.php?rest_route=%2Fwp%2Fv2%2Fmedia&parent=394"}],"curies":[{"name":"wp","href":"https:\/\/api.w.org\/{rel}","templated":true}]}}